

{"id":140,"date":"2016-11-30T15:10:55","date_gmt":"2016-11-30T15:10:55","guid":{"rendered":"https:\/\/houserandhouser.com\/en\/aviso-legal\/"},"modified":"2017-01-24T11:59:43","modified_gmt":"2017-01-24T11:59:43","slug":"aviso-legal","status":"publish","type":"page","link":"https:\/\/houserandhouser.com\/en\/aviso-legal\/","title":{"rendered":"Terms and Conditions"},"content":{"rendered":"<p><strong>AVISO LEGAL<\/strong><\/p>\n<p>En virtud de la Ley 15\/1999, de 13 de diciembre, sobre la Protecci\u00f3n de Datos de car\u00e1cter personal, le hacemos conocedor de que sus datos personales que pueden estar en esta comunicaci\u00f3n, est\u00e1n incorporados en un fichero responsabilidad de la empresa mercantil <strong>Houser &amp; Houser Enterprise, SL <\/strong>, CIF: <strong>B66701491. <\/strong>La finalidad de este fichero es gestionar el servicio solicitado.<\/p>\n<p>El usuario garantiza la autenticidad de todos aquellos datos que comunique a trav\u00e9s de <strong><a href=\"https:\/\/www.houserandhouser.com\/\">www.houserandhouser.com<\/a> <\/strong> y mantendr\u00e1 actualizada la informaci\u00f3n que facilite a <strong>Houser &amp; Houser Enterprise, SL<\/strong>, de forma que responda en todo momento a su situaci\u00f3n real, siendo el \u00fanico responsable de las manifestaciones falsas o inexactas que realice, as\u00ed como de los perjuicios que cause por ello a <strong>Houser &amp; Houser Enterprise, SL <\/strong> o a terceros.<\/p>\n<p><strong>Houser &amp; Houser Enterprise, SL<\/strong> no puede asumir ninguna responsabilidad derivada del uso incorrecto, inapropiado o il\u00edcito de la informaci\u00f3n aparecida en las p\u00e1ginas de Internet de <strong>Houser &amp; Houser Enterprise, SL<\/strong><\/p>\n<p>Con los l\u00edmites establecidos en la ley, <strong>Houser &amp; Houser Enterprise, SL<\/strong> no asume ninguna responsabilidad derivada de la falta de veracidad, integridad, actualizaci\u00f3n y precisi\u00f3n de los datos o informaciones que se contienen en sus p\u00e1ginas de Internet. Los contenidos e informaci\u00f3n de las p\u00e1ginas de Internet de <strong>Houser &amp; Houser Enterprise, SL<\/strong> est\u00e1n elaborados por profesionales debidamente cualificados para el ejercicio de su profesi\u00f3n. Sin embargo, los contenidos e informaci\u00f3n no vinculan a la susodicha, ni constituyen opiniones, consejos o asesoramiento legal de ning\u00fan tipo, pues se trata meramente de un servicio ofrecido con car\u00e1cter informativo y divulgativo.<\/p>\n<p>Las p\u00e1ginas de Internet de <strong>Houser &amp; Houser Enterprise, SL<\/strong> pueden contener enlaces (links) a otras p\u00e1ginas de terceros. Por lo tanto, <strong>Houser &amp; Houser Enterprise, SL<\/strong> no podr\u00e1 asumir responsabilidades por el contenido que pueda aparecer en p\u00e1ginas de terceros. Los textos, im\u00e1genes, sonidos, animaciones, software y el resto de contenidos incluidos en este website son propiedad exclusiva de <strong>Houser &amp; Houser Enterprise, SL<\/strong> o sus licenciantes. Cualquier acto de transmisi\u00f3n, distribuci\u00f3n, cesi\u00f3n, reproducci\u00f3n, almacenamiento o comunicaci\u00f3n p\u00fablica total o parcial, debe contar con el consentimiento expreso de <strong>Houser &amp; Houser Enterprise, SL<\/strong><\/p>\n<p>Asimismo, para acceder a los servicios que <strong>Houser &amp; Houser Enterprise, SL<\/strong> ofrece a trav\u00e9s del website, deber\u00e1 proporcionar algunos datos de car\u00e1cter personal. En cumplimiento de lo establecido en la LOPD 15\/1999, de 13 de diciembre, le informamos que sus datos personales quedar\u00e1n incorporados y ser\u00e1n tratados en los ficheros de <strong>Houser &amp; Houser Enterprise, SL<\/strong>, con el fin de poderle prestar y ofrecer nuestros servicios. Asimismo, le informamos de la posibilidad de que ejerza los derechos de acceso, rectificaci\u00f3n, cancelaci\u00f3n y oposici\u00f3n de sus datos de car\u00e1cter personal, en <strong>C\/ <span class=\"italics\">Passeig Sant Joan, 160 <\/span>(Barcelona)<\/strong>, o bien, enviar un correo electr\u00f3nico a <strong>info@houserandhouser.com<\/strong><\/p>\n<p>Su aceptaci\u00f3n al presente Aviso Legal tambi\u00e9n supone la prestaci\u00f3n de su consentimiento expreso para que <strong>Houser &amp; Houser Enterprise, SL <\/strong>pueda remitirle comunicaciones publicitarias o promocionales por correo electr\u00f3nico u otro medio de comunicaci\u00f3n equivalente, en los t\u00e9rminos establecidos por la Ley 34\/2002, de Servicios de la Sociedad de la Informaci\u00f3n y de Comercio Electr\u00f3nico. En el supuesto de no estar interesado en recibir este tipo de comunicaciones puede dirigirse a <strong>Houser &amp; Houser Enterprise, SL, <\/strong>a la direcci\u00f3n anteriormente indicada o al correo electr\u00f3nico <strong><a href=\"mailto:info@houserandhouser.com\">info@houserandhouser.com<\/a>, <\/strong>manifestando su voluntad.<\/p>\n<p>Mediante la cumplimentaci\u00f3n y env\u00edo de los correspondientes formularios de esta web, el Usuario acepta y autoriza que sus datos personales sean objeto de tratamiento automatizado por parte de <strong>Houser &amp; Houser Enterprise, SL<\/strong> En caso que Ud. incluya en los formularios de esta web, datos de car\u00e1cter personal titularidad de terceras personas deber\u00e1, con car\u00e1cter previo a su inclusi\u00f3n, obtener su consentimiento e informarle de los extremos contenidos en los p\u00e1rrafos anteriores.<\/p>\n<p>&nbsp;<\/p>\n<p><strong>PROPIEDAD INTELECTUAL<br \/>\n<\/strong><\/p>\n<p>Los contenidos suministrados por <strong>Houser &amp; Houser Enterprise, SL<\/strong> est\u00e1n sujetos a los derechos de propiedad intelectual e industrial y son titularidad exclusiva de <strong>Houser &amp; Houser Enterprise, SL<\/strong> o de las personas f\u00edsicas o jur\u00eddicas que se informe. Mediante la adquisici\u00f3n de un producto o servicio, <strong>Houser &amp; Houser Enterprise, SL<\/strong> no confiere al adquirente ning\u00fan derecho de alteraci\u00f3n, explotaci\u00f3n, reproducci\u00f3n, distribuci\u00f3n o comunicaci\u00f3n p\u00fablica sobre el mismo, reserv\u00e1ndose <strong>Houser &amp; Houser Enterprise, SL<\/strong> todos estos derechos. La cesi\u00f3n de los citados derechos precisar\u00e1 el previo consentimiento por escrito por parte del titular de los mismos, de manera que el cliente no podr\u00e1 poner a disposici\u00f3n de terceras personas dichos contenidos.<\/p>\n<p>La propiedad intelectual se extiende, adem\u00e1s del contenido incluido en <strong>Houser &amp; Houser Enterprise, SL<\/strong>, a sus gr\u00e1ficos, logotipos, dise\u00f1os, im\u00e1genes y c\u00f3digos fuente utilizado para su programaci\u00f3n.<\/p>\n<p><strong>Houser &amp; Houser Enterprise, SL<\/strong> ha obtenido la Informaci\u00f3n y los materiales incluidos en la web de fuentes consideradas como fiables y, si bien se han tomado medidas razonables para asegurarse de que la informaci\u00f3n contenida sea la correcta, <strong>Houser &amp; Houser Enterprise, SL<\/strong> no puede garantizar que en todo momento y circunstancia dicha informaci\u00f3n sea exacta, completa, actualizada y, consecuentemente, no debe confiarse en ella como si lo fuera. <strong>Houser &amp; Houser Enterprise, SL<\/strong> declina expresamente cualquier responsabilidad por error u omisi\u00f3n en la Informaci\u00f3n contenida en las p\u00e1ginas de esta web.<\/p>\n<p><strong>Houser &amp; Houser Enterprise, SL<\/strong> se reserva la facultad de modificar, suspender, cancelar o restringir el contenido de la web, los v\u00ednculos o la informaci\u00f3n obtenida a trav\u00e9s de ella, sin necesidad de previo aviso. \u00c9sta, en ning\u00fan caso, asume responsabilidad alguna como consecuencia de la incorrecta utilizaci\u00f3n de la web que pueda llevar a cabo el usuario, tanto de la informaci\u00f3n como de los servicios en ella contenidos.<\/p>\n<p>En ning\u00fan caso <strong>Houser &amp; Houser Enterprise, SL,<\/strong> sus sucursales y\/o centros de trabajo, sus directores y\/o apoderados, empleados y, en general, el personal autorizado ser\u00e1n responsables de cualquier tipo de perjuicio, p\u00e9rdidas, reclamaciones o gastos de ning\u00fan tipo, tanto si proceden, directa o indirectamente, del uso y\/o difusi\u00f3n de la web o de la Informaci\u00f3n adquirida o accedida por o a trav\u00e9s de \u00e9sta, o de sus virus inform\u00e1ticos, de fallos operativos o de interrupciones en el servicio o transmisi\u00f3n o de fallos en la l\u00ednea en el uso de la web, tanto por conexi\u00f3n directa como por v\u00ednculo u otro medio, constituyendo a todos los efectos legales un aviso a cualquier usuario de que estas posibilidades y eventos pueden ocurrir.<\/p>\n<p><strong>Houser &amp; Houser Enterprise, SL<\/strong> no se hace responsable de las webs no propias a las que se pueda acceder mediante v\u00ednculos o enlaces (\u201clinks\u201d) o de cualquier contenido puesto a disposici\u00f3n de terceros. Cualquier uso de un v\u00ednculo o acceso a una web no propia ser\u00e1 realizado por voluntad y a riesgo y ventura exclusiva del usuario. <strong>Houser &amp; Houser Enterprise, SL<\/strong> no recomienda ni garantiza ninguna de la\/s Informaci\u00f3n\/es obtenida\/s por o a trav\u00e9s de un v\u00ednculo, ni se responsabiliza de ninguna p\u00e9rdida, reclamaci\u00f3n o perjuicio derivado del uso o mal uso de un v\u00ednculo, o de la Informaci\u00f3n obtenida a trav\u00e9s de \u00e9l, incluyendo otros v\u00ednculos o webs, de la interrupci\u00f3n en el servicio o en el acceso, o del intento de usar o usar mal un v\u00ednculo, tanto al conectar a la web de <strong>Houser &amp; Houser Enterprise, SL<\/strong> como al acceder a la informaci\u00f3n de otras webs desde la misma.<\/p>\n<p>En algunas ocasiones, esta web utiliza \u201cCookies\u201d, es decir, peque\u00f1os ficheros de datos que se generan en el ordenador del usuario y que permiten obtener la siguiente Informaci\u00f3n: 1) Fecha y hora de la \u00faltima vez que el usuario visit\u00f3 la web; 2) Dise\u00f1o y contenidos que el usuario escogi\u00f3 en su primera visita a la web; 3) Elementos de seguridad que intervienen en el control de acceso a las \u00e1reas restringidas y 4) Otras circunstancias an\u00e1logas. El usuario tiene la opci\u00f3n de impedir la generaci\u00f3n de cookies, mediante la selecci\u00f3n de la correspondiente opci\u00f3n en su programa navegador. Sin embargo, <strong>Houser &amp; Houser Enterprise, SL<\/strong> no se responsabiliza de que la desactivaci\u00f3n de las mismas impida el buen funcionamiento de la p\u00e1gina web.<\/p>\n<p>&nbsp;<\/p>\n<p><strong>PROPIEDAD INDUSTRIAL E INTELECTUAL<\/strong><\/p>\n<p>Esta web es propiedad de <strong>Houser &amp; Houser Enterprise, SL<\/strong> Los derechos de Propiedad Intelectual y derechos de explotaci\u00f3n y reproducci\u00f3n de esta web, de sus p\u00e1ginas, pantallas, la Informaci\u00f3n que contienen, su apariencia y dise\u00f1o, as\u00ed como los v\u00ednculos (\u201chiperlinks\u201d) que se establezcan desde ella a otras p\u00e1ginas web de cualquier sociedad filial y\/o dominada de <strong>Houser &amp; Houser Enterprise, SL<\/strong>, son propiedad exclusiva de \u00e9sta, salvo que expresamente se especifique otra cosa. Cualquier denominaci\u00f3n, dise\u00f1o y\/o logotipo, as\u00ed como cualquier producto o servicio ofrecidos y reflejados en esta p\u00e1gina web, son marcas debidamente registradas por <strong>Houser &amp; Houser Enterprise, SL<\/strong>, por sus sociedades filiales y\/o dominadas o por terceros. Cualquier uso indebido de las mismas por personas diferentes de su leg\u00edtimo titular y sin el consentimiento expreso e inequ\u00edvoco por parte de \u00e9ste podr\u00e1 ser denunciado y perseguido a trav\u00e9s de todos los medio legales existentes en el Ordenamiento Jur\u00eddico espa\u00f1ol y\/o comunitario.<\/p>\n<p>Los derechos de propiedad intelectual y marcas de terceros est\u00e1n destacados convenientemente y deben ser respetados por todo aqu\u00e9l que acceda a esta p\u00e1gina, no siendo responsabilidad de <strong>Houser &amp; Houser Enterprise, SL<\/strong> el uso que el usuario pueda llevar a cabo al respecto, recayendo la responsabilidad exclusiva en su persona.<\/p>\n<p>S\u00f3lo para uso personal y privado se permite descargar los contenidos, copiar o imprimir cualquier p\u00e1gina de esta web. Queda prohibido reproducir, transmitir, modificar o suprimir la informaci\u00f3n, contenido o advertencias de esta web sin la previa autorizaci\u00f3n por escrito de <strong>Houser &amp; Houser Enterprise, SL<\/strong><\/p>\n<p><strong>LEY APLICABLE Y JURISDICCION<\/strong><\/p>\n<p>Las presentes condiciones generales se rigen por la Legislaci\u00f3n espa\u00f1ola, siendo competentes los Juzgados y Tribunales espa\u00f1oles para conocer de cuantas cuestiones se susciten sobre la interpretaci\u00f3n, aplicaci\u00f3n e cumplimiento de las mismas. El usuario, por virtud de su aceptaci\u00f3n a las condiciones generales recogidas en este aviso legal, renuncia expresamente a cualquier fuero que, por aplicaci\u00f3n de la Ley de Enjuiciamiento Civil vigente pudiera corresponderle.<\/p>\n<p>\u00a1FELICIDADES! Has sido la persona UN MILL\u00d3N en llegar hasta aqu\u00ed. Ve a celebrarlo con los chicos&#8230;<\/p>\n<p><img decoding=\"async\" class=\"gif giphy_gif aligncenter\" src=\"https:\/\/media4.giphy.com\/media\/xT9DPCsF3yzgWUuVOM\/200w.gif\" height=\"73\" data-id=\"xT9DPCsF3yzgWUuVOM\" data-animated=\"https:\/\/media4.giphy.com\/media\/xT9DPCsF3yzgWUuVOM\/200w.gif\" data-downsampled=\"https:\/\/media4.giphy.com\/media\/xT9DPCsF3yzgWUuVOM\/200_d.gif\" data-still=\"https:\/\/media4.giphy.com\/media\/xT9DPCsF3yzgWUuVOM\/200w_s.gif\" data-tags=\"basketball%excited%celebration%celebrate%jumping\" data-shortlink=\"https:\/\/gph.is\/1XfYuFH\" \/><\/p>\n","protected":false},"excerpt":{"rendered":"<p>AVISO LEGAL En virtud de la Ley 15\/1999, de 13 de diciembre, sobre la Protecci\u00f3n de Datos de car\u00e1cter personal, le hacemos conocedor de que sus datos personales que pueden estar en esta comunicaci\u00f3n, est\u00e1n incorporados en un fichero responsabilidad de la empresa mercantil Houser &amp; Houser Enterprise, SL , CIF: B66701491. La finalidad de&#8230;<\/p>\n<p class=\"read-more-p\"><a href=\"https:\/\/houserandhouser.com\/en\/aviso-legal\/\" class=\"more\"><i class=\"fa fa-arrow-right\"><\/i>Continue Reading<\/a><\/p>","protected":false},"author":1,"featured_media":0,"parent":0,"menu_order":0,"comment_status":"closed","ping_status":"closed","template":"","meta":{"inline_featured_image":false,"footnotes":""},"yoast_head":"<!-- This site is optimized with the Yoast SEO plugin v22.8 - https:\/\/yoast.com\/wordpress\/plugins\/seo\/ -->\n<title>Terms and Conditions | Houser &amp; Houser<\/title>\n<meta name=\"robots\" content=\"index, follow, max-snippet:-1, max-image-preview:large, max-video-preview:-1\" \/>\n<link rel=\"canonical\" href=\"https:\/\/houserandhouser.com\/en\/aviso-legal\/\" \/>\n<meta property=\"og:locale\" content=\"en_US\" \/>\n<meta property=\"og:type\" content=\"article\" \/>\n<meta property=\"og:title\" content=\"Terms and Conditions | Houser &amp; Houser\" \/>\n<meta property=\"og:description\" content=\"AVISO LEGAL En virtud de la Ley 15\/1999, de 13 de diciembre, sobre la Protecci\u00f3n de Datos de car\u00e1cter personal, le hacemos conocedor de que sus datos personales que pueden estar en esta comunicaci\u00f3n, est\u00e1n incorporados en un fichero responsabilidad de la empresa mercantil Houser &amp; Houser Enterprise, SL , CIF: B66701491. La finalidad de...\" \/>\n<meta property=\"og:url\" content=\"https:\/\/houserandhouser.com\/en\/aviso-legal\/\" \/>\n<meta property=\"og:site_name\" content=\"Houser &amp; Houser\" \/>\n<meta property=\"article:modified_time\" content=\"2017-01-24T11:59:43+00:00\" \/>\n<meta property=\"og:image\" content=\"https:\/\/media4.giphy.com\/media\/xT9DPCsF3yzgWUuVOM\/200w.gif\" \/>\n<meta name=\"twitter:card\" content=\"summary_large_image\" \/>\n<meta name=\"twitter:site\" content=\"@houserandhouser\" \/>\n<meta name=\"twitter:label1\" content=\"Est. reading time\" \/>\n\t<meta name=\"twitter:data1\" content=\"9 minutes\" \/>\n<script type=\"application\/ld+json\" class=\"yoast-schema-graph\">{\"@context\":\"https:\/\/schema.org\",\"@graph\":[{\"@type\":\"WebPage\",\"@id\":\"https:\/\/houserandhouser.com\/en\/aviso-legal\/\",\"url\":\"https:\/\/houserandhouser.com\/en\/aviso-legal\/\",\"name\":\"Terms and Conditions | Houser &amp; Houser\",\"isPartOf\":{\"@id\":\"https:\/\/houserandhouser.com\/en\/#website\"},\"primaryImageOfPage\":{\"@id\":\"https:\/\/houserandhouser.com\/en\/aviso-legal\/#primaryimage\"},\"image\":{\"@id\":\"https:\/\/houserandhouser.com\/en\/aviso-legal\/#primaryimage\"},\"thumbnailUrl\":\"https:\/\/media4.giphy.com\/media\/xT9DPCsF3yzgWUuVOM\/200w.gif\",\"datePublished\":\"2016-11-30T15:10:55+00:00\",\"dateModified\":\"2017-01-24T11:59:43+00:00\",\"breadcrumb\":{\"@id\":\"https:\/\/houserandhouser.com\/en\/aviso-legal\/#breadcrumb\"},\"inLanguage\":\"en-US\",\"potentialAction\":[{\"@type\":\"ReadAction\",\"target\":[\"https:\/\/houserandhouser.com\/en\/aviso-legal\/\"]}]},{\"@type\":\"ImageObject\",\"inLanguage\":\"en-US\",\"@id\":\"https:\/\/houserandhouser.com\/en\/aviso-legal\/#primaryimage\",\"url\":\"https:\/\/media4.giphy.com\/media\/xT9DPCsF3yzgWUuVOM\/200w.gif\",\"contentUrl\":\"https:\/\/media4.giphy.com\/media\/xT9DPCsF3yzgWUuVOM\/200w.gif\"},{\"@type\":\"BreadcrumbList\",\"@id\":\"https:\/\/houserandhouser.com\/en\/aviso-legal\/#breadcrumb\",\"itemListElement\":[{\"@type\":\"ListItem\",\"position\":1,\"name\":\"Portada\",\"item\":\"https:\/\/houserandhouser.com\/en\/\"},{\"@type\":\"ListItem\",\"position\":2,\"name\":\"Terms and Conditions\"}]},{\"@type\":\"WebSite\",\"@id\":\"https:\/\/houserandhouser.com\/en\/#website\",\"url\":\"https:\/\/houserandhouser.com\/en\/\",\"name\":\"Houser &amp; Houser\",\"description\":\"ONLINE MARKETING AGENCY\",\"publisher\":{\"@id\":\"https:\/\/houserandhouser.com\/en\/#organization\"},\"potentialAction\":[{\"@type\":\"SearchAction\",\"target\":{\"@type\":\"EntryPoint\",\"urlTemplate\":\"https:\/\/houserandhouser.com\/en\/?s={search_term_string}\"},\"query-input\":\"required name=search_term_string\"}],\"inLanguage\":\"en-US\"},{\"@type\":\"Organization\",\"@id\":\"https:\/\/houserandhouser.com\/en\/#organization\",\"name\":\"Houser & Houser\",\"url\":\"https:\/\/houserandhouser.com\/en\/\",\"logo\":{\"@type\":\"ImageObject\",\"inLanguage\":\"en-US\",\"@id\":\"https:\/\/houserandhouser.com\/en\/#\/schema\/logo\/image\/\",\"url\":\"https:\/\/houserandhouser.com\/wp-content\/uploads\/2016\/06\/houser1.png\",\"contentUrl\":\"https:\/\/houserandhouser.com\/wp-content\/uploads\/2016\/06\/houser1.png\",\"width\":200,\"height\":122,\"caption\":\"Houser & Houser\"},\"image\":{\"@id\":\"https:\/\/houserandhouser.com\/en\/#\/schema\/logo\/image\/\"},\"sameAs\":[\"https:\/\/x.com\/houserandhouser\",\"https:\/\/www.instagram.com\/houserandhouser\/\",\"https:\/\/www.linkedin.com\/company\/2480340\"]}]}<\/script>\n<!-- \/ Yoast SEO plugin. -->","yoast_head_json":{"title":"Terms and Conditions | Houser &amp; Houser","robots":{"index":"index","follow":"follow","max-snippet":"max-snippet:-1","max-image-preview":"max-image-preview:large","max-video-preview":"max-video-preview:-1"},"canonical":"https:\/\/houserandhouser.com\/en\/aviso-legal\/","og_locale":"en_US","og_type":"article","og_title":"Terms and Conditions | Houser &amp; Houser","og_description":"AVISO LEGAL En virtud de la Ley 15\/1999, de 13 de diciembre, sobre la Protecci\u00f3n de Datos de car\u00e1cter personal, le hacemos conocedor de que sus datos personales que pueden estar en esta comunicaci\u00f3n, est\u00e1n incorporados en un fichero responsabilidad de la empresa mercantil Houser &amp; Houser Enterprise, SL , CIF: B66701491. La finalidad de...","og_url":"https:\/\/houserandhouser.com\/en\/aviso-legal\/","og_site_name":"Houser &amp; Houser","article_modified_time":"2017-01-24T11:59:43+00:00","og_image":[{"url":"https:\/\/media4.giphy.com\/media\/xT9DPCsF3yzgWUuVOM\/200w.gif"}],"twitter_card":"summary_large_image","twitter_site":"@houserandhouser","twitter_misc":{"Est. reading time":"9 minutes"},"schema":{"@context":"https:\/\/schema.org","@graph":[{"@type":"WebPage","@id":"https:\/\/houserandhouser.com\/en\/aviso-legal\/","url":"https:\/\/houserandhouser.com\/en\/aviso-legal\/","name":"Terms and Conditions | Houser &amp; Houser","isPartOf":{"@id":"https:\/\/houserandhouser.com\/en\/#website"},"primaryImageOfPage":{"@id":"https:\/\/houserandhouser.com\/en\/aviso-legal\/#primaryimage"},"image":{"@id":"https:\/\/houserandhouser.com\/en\/aviso-legal\/#primaryimage"},"thumbnailUrl":"https:\/\/media4.giphy.com\/media\/xT9DPCsF3yzgWUuVOM\/200w.gif","datePublished":"2016-11-30T15:10:55+00:00","dateModified":"2017-01-24T11:59:43+00:00","breadcrumb":{"@id":"https:\/\/houserandhouser.com\/en\/aviso-legal\/#breadcrumb"},"inLanguage":"en-US","potentialAction":[{"@type":"ReadAction","target":["https:\/\/houserandhouser.com\/en\/aviso-legal\/"]}]},{"@type":"ImageObject","inLanguage":"en-US","@id":"https:\/\/houserandhouser.com\/en\/aviso-legal\/#primaryimage","url":"https:\/\/media4.giphy.com\/media\/xT9DPCsF3yzgWUuVOM\/200w.gif","contentUrl":"https:\/\/media4.giphy.com\/media\/xT9DPCsF3yzgWUuVOM\/200w.gif"},{"@type":"BreadcrumbList","@id":"https:\/\/houserandhouser.com\/en\/aviso-legal\/#breadcrumb","itemListElement":[{"@type":"ListItem","position":1,"name":"Portada","item":"https:\/\/houserandhouser.com\/en\/"},{"@type":"ListItem","position":2,"name":"Terms and Conditions"}]},{"@type":"WebSite","@id":"https:\/\/houserandhouser.com\/en\/#website","url":"https:\/\/houserandhouser.com\/en\/","name":"Houser &amp; Houser","description":"ONLINE MARKETING AGENCY","publisher":{"@id":"https:\/\/houserandhouser.com\/en\/#organization"},"potentialAction":[{"@type":"SearchAction","target":{"@type":"EntryPoint","urlTemplate":"https:\/\/houserandhouser.com\/en\/?s={search_term_string}"},"query-input":"required name=search_term_string"}],"inLanguage":"en-US"},{"@type":"Organization","@id":"https:\/\/houserandhouser.com\/en\/#organization","name":"Houser & Houser","url":"https:\/\/houserandhouser.com\/en\/","logo":{"@type":"ImageObject","inLanguage":"en-US","@id":"https:\/\/houserandhouser.com\/en\/#\/schema\/logo\/image\/","url":"https:\/\/houserandhouser.com\/wp-content\/uploads\/2016\/06\/houser1.png","contentUrl":"https:\/\/houserandhouser.com\/wp-content\/uploads\/2016\/06\/houser1.png","width":200,"height":122,"caption":"Houser & Houser"},"image":{"@id":"https:\/\/houserandhouser.com\/en\/#\/schema\/logo\/image\/"},"sameAs":["https:\/\/x.com\/houserandhouser","https:\/\/www.instagram.com\/houserandhouser\/","https:\/\/www.linkedin.com\/company\/2480340"]}]}},"_links":{"self":[{"href":"https:\/\/houserandhouser.com\/en\/wp-json\/wp\/v2\/pages\/140"}],"collection":[{"href":"https:\/\/houserandhouser.com\/en\/wp-json\/wp\/v2\/pages"}],"about":[{"href":"https:\/\/houserandhouser.com\/en\/wp-json\/wp\/v2\/types\/page"}],"author":[{"embeddable":true,"href":"https:\/\/houserandhouser.com\/en\/wp-json\/wp\/v2\/users\/1"}],"replies":[{"embeddable":true,"href":"https:\/\/houserandhouser.com\/en\/wp-json\/wp\/v2\/comments?post=140"}],"version-history":[{"count":0,"href":"https:\/\/houserandhouser.com\/en\/wp-json\/wp\/v2\/pages\/140\/revisions"}],"wp:attachment":[{"href":"https:\/\/houserandhouser.com\/en\/wp-json\/wp\/v2\/media?parent=140"}],"curies":[{"name":"wp","href":"https:\/\/api.w.org\/{rel}","templated":true}]}}