

{"id":5673,"date":"2022-03-15T11:06:23","date_gmt":"2022-03-15T11:06:23","guid":{"rendered":"https:\/\/houserandhouser.com\/kit-digital\/"},"modified":"2023-09-05T08:39:20","modified_gmt":"2023-09-05T08:39:20","slug":"kit-digital","status":"publish","type":"page","link":"https:\/\/houserandhouser.com\/pt-pt\/kit-digital\/","title":{"rendered":"Kit Digital"},"content":{"rendered":"<p><a href=\"https:\/\/houserandhouser.com\/wp-content\/uploads\/\/Logo-digitalizadores.svg\"><img loading=\"lazy\" decoding=\"async\" class=\"size-large wp-image-5658 aligncenter\" src=\"https:\/\/houserandhouser.com\/wp-content\/uploads\/\/Logo-digitalizadores.svg\" alt=\"\" width=\"1000\" height=\"1000\" \/><\/a><\/p>\n<div class=\"my_title1\">\n<p>&nbsp;<\/p>\n<p>El\u00a0<strong>Kit Digital<\/strong>\u00a0es un conjunto de ayudas a fondo perdido de hasta 12.000\u20ac dirigidas a aut\u00f3nomos, microempresas y pymes de m\u00e1ximo 49 trabajadores de cualquier sector que quieran impulsar su transformaci\u00f3n digital.<\/p>\n<p>El Kit Digital est\u00e1 subvencionado a fondo perdido por los fondos europeos Next Generation.<\/p>\n<p>&nbsp;<\/p>\n<h2>Gesti\u00f3n de redes sociales<\/h2>\n<h3>Soluci\u00f3n Gesti\u00f3n RRSS<\/h3>\n<\/div>\n<p>Gestionamos las redes sociales de tu empresa de forma global: planificaci\u00f3n de contenidos, creaci\u00f3n de contenidos y copies, planificaci\u00f3n, programaci\u00f3n, publicaci\u00f3n, promoci\u00f3n de contenidos y community management. Trabajamos en las principales redes sociales: Instagram, Facebook, Twitter, TikTok, Youtube, Pinterest, etc.. Nos adaptamos en cada caso al tipo de producto o servicio y de target a impactar creando contenidos de alto impacto y con la visi\u00f3n siempre puesta en t\u00e9rminos de rentabilidad.<\/p>\n<p>Precio desde 800 \u20ac \/ mes<br \/>\nSubvencionable con Kit Digital: 2500 \u20ac<\/p>\n<p>&nbsp;<\/p>\n<div class=\"my_title1\">\n<h2>Sitio Web y Presencia en Internet<\/h2>\n<h3>Creaci\u00f3n web<\/h3>\n<\/div>\n<p>Creamos o mejoramos la p\u00e1gina web de tu negocio orient\u00e1ndola a resultados y a su \u00f3ptima visualizaci\u00f3n desde cualquier dispositivo. Disponemos de un servicio integral que va desde el dise\u00f1o y la programaci\u00f3n, hasta la posibilidad de tener hosting propio en nuestro servidor. Realizamos un proyecto &#8216;llave en mano&#8217; para que no tengas que preocuparte por nada.<\/p>\n<p>Precio desde 2000 \u20ac<br \/>\nSubvencionable con Kit Digital: 2000 \u20ac<\/p>\n<p>&nbsp;<\/p>\n<div class=\"my_title1\">\n<h2>Comercio electr\u00f3nico<\/h2>\n<h3>Aterrizaje eCommerce<\/h3>\n<\/div>\n<p>Te ofrecemos nuestro servicio de atrrizaje eCommerce para que puedas plantearte su salto a la venta en las principales plataformas marketplace (entre ellas Amazon). Te asesoramos en todos los procesos, te ayudamos en la subida de art\u00edculos, fotograf\u00edas, SEO de las descripciones y te ayudamos con la promoci\u00f3n de tus productos, todo orientado a ventas y resultados.<\/p>\n<p>Precio desde 2000 \u20ac<br \/>\nSubvencionable con Kit Digital: 2000 \u20ac<\/p>\n<p>&nbsp;<\/p>\n<p><a class=\"btn1\" href=\"https:\/\/houserandhouser.com\/contacto\/\">Pide presupuesto<\/a><\/p>\n","protected":false},"excerpt":{"rendered":"<p>&nbsp; El\u00a0Kit Digital\u00a0es un conjunto de ayudas a fondo perdido de hasta 12.000\u20ac dirigidas a aut\u00f3nomos, microempresas y pymes de m\u00e1ximo 49 trabajadores de cualquier sector que quieran impulsar su transformaci\u00f3n digital. El Kit Digital est\u00e1 subvencionado a fondo perdido por los fondos europeos Next Generation. &nbsp; Gesti\u00f3n de redes sociales Soluci\u00f3n Gesti\u00f3n RRSS Gestionamos&#8230;<\/p>\n<p class=\"read-more-p\"><a href=\"https:\/\/houserandhouser.com\/pt-pt\/kit-digital\/\" class=\"more\"><i class=\"fa fa-arrow-right\"><\/i>Continue Reading<\/a><\/p>","protected":false},"author":1,"featured_media":5661,"parent":0,"menu_order":0,"comment_status":"closed","ping_status":"closed","template":"","meta":{"inline_featured_image":false,"footnotes":""},"yoast_head":"<!-- This site is optimized with the Yoast SEO plugin v22.8 - https:\/\/yoast.com\/wordpress\/plugins\/seo\/ -->\n<title>Kit Digital | Houser &amp; Houser<\/title>\n<meta name=\"robots\" content=\"index, follow, max-snippet:-1, max-image-preview:large, max-video-preview:-1\" \/>\n<link rel=\"canonical\" href=\"https:\/\/houserandhouser.com\/pt-pt\/kit-digital\/\" \/>\n<meta property=\"og:locale\" content=\"pt_PT\" \/>\n<meta property=\"og:type\" content=\"article\" \/>\n<meta property=\"og:title\" content=\"Kit Digital | Houser &amp; Houser\" \/>\n<meta property=\"og:description\" content=\"&nbsp; El\u00a0Kit Digital\u00a0es un conjunto de ayudas a fondo perdido de hasta 12.000\u20ac dirigidas a aut\u00f3nomos, microempresas y pymes de m\u00e1ximo 49 trabajadores de cualquier sector que quieran impulsar su transformaci\u00f3n digital. El Kit Digital est\u00e1 subvencionado a fondo perdido por los fondos europeos Next Generation. &nbsp; Gesti\u00f3n de redes sociales Soluci\u00f3n Gesti\u00f3n RRSS Gestionamos...\" \/>\n<meta property=\"og:url\" content=\"https:\/\/houserandhouser.com\/pt-pt\/kit-digital\/\" \/>\n<meta property=\"og:site_name\" content=\"Houser &amp; Houser\" \/>\n<meta property=\"article:modified_time\" content=\"2023-09-05T08:39:20+00:00\" \/>\n<meta name=\"twitter:card\" content=\"summary_large_image\" \/>\n<meta name=\"twitter:site\" content=\"@houserandhouser\" \/>\n<meta name=\"twitter:label1\" content=\"Tempo estimado de leitura\" \/>\n\t<meta name=\"twitter:data1\" content=\"1 minuto\" \/>\n<script type=\"application\/ld+json\" class=\"yoast-schema-graph\">{\"@context\":\"https:\/\/schema.org\",\"@graph\":[{\"@type\":\"WebPage\",\"@id\":\"https:\/\/houserandhouser.com\/pt-pt\/kit-digital\/\",\"url\":\"https:\/\/houserandhouser.com\/pt-pt\/kit-digital\/\",\"name\":\"Kit Digital | Houser &amp; Houser\",\"isPartOf\":{\"@id\":\"https:\/\/houserandhouser.com\/pt-pt\/#website\"},\"primaryImageOfPage\":{\"@id\":\"https:\/\/houserandhouser.com\/pt-pt\/kit-digital\/#primaryimage\"},\"image\":{\"@id\":\"https:\/\/houserandhouser.com\/pt-pt\/kit-digital\/#primaryimage\"},\"thumbnailUrl\":\"https:\/\/houserandhouser.com\/wp-content\/uploads\/2022\/03\/Logo-digitalizadores.svg\",\"datePublished\":\"2022-03-15T11:06:23+00:00\",\"dateModified\":\"2023-09-05T08:39:20+00:00\",\"breadcrumb\":{\"@id\":\"https:\/\/houserandhouser.com\/pt-pt\/kit-digital\/#breadcrumb\"},\"inLanguage\":\"pt-PT\",\"potentialAction\":[{\"@type\":\"ReadAction\",\"target\":[\"https:\/\/houserandhouser.com\/pt-pt\/kit-digital\/\"]}]},{\"@type\":\"ImageObject\",\"inLanguage\":\"pt-PT\",\"@id\":\"https:\/\/houserandhouser.com\/pt-pt\/kit-digital\/#primaryimage\",\"url\":\"https:\/\/houserandhouser.com\/wp-content\/uploads\/2022\/03\/Logo-digitalizadores.svg\",\"contentUrl\":\"https:\/\/houserandhouser.com\/wp-content\/uploads\/2022\/03\/Logo-digitalizadores.svg\"},{\"@type\":\"BreadcrumbList\",\"@id\":\"https:\/\/houserandhouser.com\/pt-pt\/kit-digital\/#breadcrumb\",\"itemListElement\":[{\"@type\":\"ListItem\",\"position\":1,\"name\":\"Portada\",\"item\":\"https:\/\/houserandhouser.com\/pt-pt\/inicio\/\"},{\"@type\":\"ListItem\",\"position\":2,\"name\":\"Kit Digital\"}]},{\"@type\":\"WebSite\",\"@id\":\"https:\/\/houserandhouser.com\/pt-pt\/#website\",\"url\":\"https:\/\/houserandhouser.com\/pt-pt\/\",\"name\":\"Houser &amp; Houser\",\"description\":\"AG\u00c8NCIA DE MARKETING ONLINE\",\"publisher\":{\"@id\":\"https:\/\/houserandhouser.com\/pt-pt\/#organization\"},\"potentialAction\":[{\"@type\":\"SearchAction\",\"target\":{\"@type\":\"EntryPoint\",\"urlTemplate\":\"https:\/\/houserandhouser.com\/pt-pt\/?s={search_term_string}\"},\"query-input\":\"required name=search_term_string\"}],\"inLanguage\":\"pt-PT\"},{\"@type\":\"Organization\",\"@id\":\"https:\/\/houserandhouser.com\/pt-pt\/#organization\",\"name\":\"Houser & Houser\",\"url\":\"https:\/\/houserandhouser.com\/pt-pt\/\",\"logo\":{\"@type\":\"ImageObject\",\"inLanguage\":\"pt-PT\",\"@id\":\"https:\/\/houserandhouser.com\/pt-pt\/#\/schema\/logo\/image\/\",\"url\":\"https:\/\/houserandhouser.com\/wp-content\/uploads\/2016\/06\/houser1.png\",\"contentUrl\":\"https:\/\/houserandhouser.com\/wp-content\/uploads\/2016\/06\/houser1.png\",\"width\":200,\"height\":122,\"caption\":\"Houser & Houser\"},\"image\":{\"@id\":\"https:\/\/houserandhouser.com\/pt-pt\/#\/schema\/logo\/image\/\"},\"sameAs\":[\"https:\/\/x.com\/houserandhouser\",\"https:\/\/www.instagram.com\/houserandhouser\/\",\"https:\/\/www.linkedin.com\/company\/2480340\"]}]}<\/script>\n<!-- \/ Yoast SEO plugin. -->","yoast_head_json":{"title":"Kit Digital | Houser &amp; Houser","robots":{"index":"index","follow":"follow","max-snippet":"max-snippet:-1","max-image-preview":"max-image-preview:large","max-video-preview":"max-video-preview:-1"},"canonical":"https:\/\/houserandhouser.com\/pt-pt\/kit-digital\/","og_locale":"pt_PT","og_type":"article","og_title":"Kit Digital | Houser &amp; Houser","og_description":"&nbsp; El\u00a0Kit Digital\u00a0es un conjunto de ayudas a fondo perdido de hasta 12.000\u20ac dirigidas a aut\u00f3nomos, microempresas y pymes de m\u00e1ximo 49 trabajadores de cualquier sector que quieran impulsar su transformaci\u00f3n digital. El Kit Digital est\u00e1 subvencionado a fondo perdido por los fondos europeos Next Generation. &nbsp; Gesti\u00f3n de redes sociales Soluci\u00f3n Gesti\u00f3n RRSS Gestionamos...","og_url":"https:\/\/houserandhouser.com\/pt-pt\/kit-digital\/","og_site_name":"Houser &amp; Houser","article_modified_time":"2023-09-05T08:39:20+00:00","twitter_card":"summary_large_image","twitter_site":"@houserandhouser","twitter_misc":{"Tempo estimado de leitura":"1 minuto"},"schema":{"@context":"https:\/\/schema.org","@graph":[{"@type":"WebPage","@id":"https:\/\/houserandhouser.com\/pt-pt\/kit-digital\/","url":"https:\/\/houserandhouser.com\/pt-pt\/kit-digital\/","name":"Kit Digital | Houser &amp; Houser","isPartOf":{"@id":"https:\/\/houserandhouser.com\/pt-pt\/#website"},"primaryImageOfPage":{"@id":"https:\/\/houserandhouser.com\/pt-pt\/kit-digital\/#primaryimage"},"image":{"@id":"https:\/\/houserandhouser.com\/pt-pt\/kit-digital\/#primaryimage"},"thumbnailUrl":"https:\/\/houserandhouser.com\/wp-content\/uploads\/2022\/03\/Logo-digitalizadores.svg","datePublished":"2022-03-15T11:06:23+00:00","dateModified":"2023-09-05T08:39:20+00:00","breadcrumb":{"@id":"https:\/\/houserandhouser.com\/pt-pt\/kit-digital\/#breadcrumb"},"inLanguage":"pt-PT","potentialAction":[{"@type":"ReadAction","target":["https:\/\/houserandhouser.com\/pt-pt\/kit-digital\/"]}]},{"@type":"ImageObject","inLanguage":"pt-PT","@id":"https:\/\/houserandhouser.com\/pt-pt\/kit-digital\/#primaryimage","url":"https:\/\/houserandhouser.com\/wp-content\/uploads\/2022\/03\/Logo-digitalizadores.svg","contentUrl":"https:\/\/houserandhouser.com\/wp-content\/uploads\/2022\/03\/Logo-digitalizadores.svg"},{"@type":"BreadcrumbList","@id":"https:\/\/houserandhouser.com\/pt-pt\/kit-digital\/#breadcrumb","itemListElement":[{"@type":"ListItem","position":1,"name":"Portada","item":"https:\/\/houserandhouser.com\/pt-pt\/inicio\/"},{"@type":"ListItem","position":2,"name":"Kit Digital"}]},{"@type":"WebSite","@id":"https:\/\/houserandhouser.com\/pt-pt\/#website","url":"https:\/\/houserandhouser.com\/pt-pt\/","name":"Houser &amp; Houser","description":"AG\u00c8NCIA DE MARKETING ONLINE","publisher":{"@id":"https:\/\/houserandhouser.com\/pt-pt\/#organization"},"potentialAction":[{"@type":"SearchAction","target":{"@type":"EntryPoint","urlTemplate":"https:\/\/houserandhouser.com\/pt-pt\/?s={search_term_string}"},"query-input":"required name=search_term_string"}],"inLanguage":"pt-PT"},{"@type":"Organization","@id":"https:\/\/houserandhouser.com\/pt-pt\/#organization","name":"Houser & Houser","url":"https:\/\/houserandhouser.com\/pt-pt\/","logo":{"@type":"ImageObject","inLanguage":"pt-PT","@id":"https:\/\/houserandhouser.com\/pt-pt\/#\/schema\/logo\/image\/","url":"https:\/\/houserandhouser.com\/wp-content\/uploads\/2016\/06\/houser1.png","contentUrl":"https:\/\/houserandhouser.com\/wp-content\/uploads\/2016\/06\/houser1.png","width":200,"height":122,"caption":"Houser & Houser"},"image":{"@id":"https:\/\/houserandhouser.com\/pt-pt\/#\/schema\/logo\/image\/"},"sameAs":["https:\/\/x.com\/houserandhouser","https:\/\/www.instagram.com\/houserandhouser\/","https:\/\/www.linkedin.com\/company\/2480340"]}]}},"_links":{"self":[{"href":"https:\/\/houserandhouser.com\/pt-pt\/wp-json\/wp\/v2\/pages\/5673"}],"collection":[{"href":"https:\/\/houserandhouser.com\/pt-pt\/wp-json\/wp\/v2\/pages"}],"about":[{"href":"https:\/\/houserandhouser.com\/pt-pt\/wp-json\/wp\/v2\/types\/page"}],"author":[{"embeddable":true,"href":"https:\/\/houserandhouser.com\/pt-pt\/wp-json\/wp\/v2\/users\/1"}],"replies":[{"embeddable":true,"href":"https:\/\/houserandhouser.com\/pt-pt\/wp-json\/wp\/v2\/comments?post=5673"}],"version-history":[{"count":2,"href":"https:\/\/houserandhouser.com\/pt-pt\/wp-json\/wp\/v2\/pages\/5673\/revisions"}],"predecessor-version":[{"id":6788,"href":"https:\/\/houserandhouser.com\/pt-pt\/wp-json\/wp\/v2\/pages\/5673\/revisions\/6788"}],"wp:featuredmedia":[{"embeddable":true,"href":"https:\/\/houserandhouser.com\/pt-pt\/wp-json\/wp\/v2\/media\/5661"}],"wp:attachment":[{"href":"https:\/\/houserandhouser.com\/pt-pt\/wp-json\/wp\/v2\/media?parent=5673"}],"curies":[{"name":"wp","href":"https:\/\/api.w.org\/{rel}","templated":true}]}}